{"id":26681,"date":"2025-07-01T14:46:36","date_gmt":"2025-07-01T12:46:36","guid":{"rendered":"https:\/\/xylos.com\/a-propos-de-xylos\/"},"modified":"2025-12-16T14:15:51","modified_gmt":"2025-12-16T13:15:51","slug":"a-propos-de-xylos","status":"publish","type":"page","link":"https:\/\/xylos.com\/fr\/a-propos-de-xylos\/","title":{"rendered":"\u00c0 propos de Xylos"},"content":{"rendered":"\t\t<div data-elementor-type=\"wp-page\" data-elementor-id=\"26681\" class=\"elementor elementor-26681 elementor-26606\" data-elementor-post-type=\"page\">\n\t\t\t\t<div class=\"elementor-element elementor-element-1945853 e-flex e-con-boxed e-con e-parent\" data-id=\"1945853\" data-element_type=\"container\" data-e-type=\"container\" data-settings=\"{&quot;background_background&quot;:&quot;classic&quot;}\">\n\t\t\t\t\t<div class=\"e-con-inner\">\n\t\t\t\t<div class=\"elementor-element elementor-element-2977285 elementor-headline--style-highlight elementor-widget elementor-widget-animated-headline\" data-id=\"2977285\" data-element_type=\"widget\" data-e-type=\"widget\" data-settings=\"{&quot;marker&quot;:&quot;underline&quot;,&quot;highlighted_text&quot;:&quot;A propos de nous&quot;,&quot;_animation&quot;:&quot;none&quot;,&quot;headline_style&quot;:&quot;highlight&quot;,&quot;loop&quot;:&quot;yes&quot;,&quot;highlight_animation_duration&quot;:1200,&quot;highlight_iteration_delay&quot;:8000}\" data-widget_type=\"animated-headline.default\">\n\t\t\t\t<div class=\"elementor-widget-container\">\n\t\t\t\t\t\t\t<h1 class=\"elementor-headline\">\n\t\t\t\t<span class=\"elementor-headline-dynamic-wrapper elementor-headline-text-wrapper\">\n\t\t\t\t\t<span class=\"elementor-headline-dynamic-text elementor-headline-text-active\">A propos de nous<\/span>\n\t\t\t\t<\/span>\n\t\t\t\t<\/h1>\n\t\t\t\t\t\t<\/div>\n\t\t\t\t<\/div>\n\t\t\t\t<div class=\"elementor-element elementor-element-fb3e619 white-underline elementor-widget elementor-widget-text-editor\" data-id=\"fb3e619\" data-element_type=\"widget\" data-e-type=\"widget\" data-widget_type=\"text-editor.default\">\n\t\t\t\t<div class=\"elementor-widget-container\">\n\t\t\t\t\t\t\t\t\t<p>Conna\u00eetre Xylos<\/p>\t\t\t\t\t\t\t\t<\/div>\n\t\t\t\t<\/div>\n\t\t\t\t\t<\/div>\n\t\t\t\t<\/div>\n\t\t<div class=\"elementor-element elementor-element-5cf0875 e-flex e-con-boxed e-con e-parent\" data-id=\"5cf0875\" data-element_type=\"container\" data-e-type=\"container\">\n\t\t\t\t\t<div class=\"e-con-inner\">\n\t\t<div class=\"elementor-element elementor-element-71109c8 e-grid e-con-full e-con e-child\" data-id=\"71109c8\" data-element_type=\"container\" data-e-type=\"container\">\n\t\t<a class=\"elementor-element elementor-element-dfb7544 e-con-full e-flex e-con e-child\" data-id=\"dfb7544\" data-element_type=\"container\" data-e-type=\"container\" data-settings=\"{&quot;background_background&quot;:&quot;classic&quot;}\" href=\"https:\/\/xylos.com\/fr\/concernant-xylos\/\">\n\t\t\t\t<div class=\"elementor-element elementor-element-1d2b87f elementor-widget elementor-widget-heading\" data-id=\"1d2b87f\" data-element_type=\"widget\" data-e-type=\"widget\" data-widget_type=\"heading.default\">\n\t\t\t\t<div class=\"elementor-widget-container\">\n\t\t\t\t\t<h4 class=\"elementor-heading-title elementor-size-default\">Qui sommes-nous ?<\/h4>\t\t\t\t<\/div>\n\t\t\t\t<\/div>\n\t\t\t\t<div class=\"elementor-element elementor-element-49b2ed7 elementor-widget elementor-widget-text-editor\" data-id=\"49b2ed7\" data-element_type=\"widget\" data-e-type=\"widget\" data-widget_type=\"text-editor.default\">\n\t\t\t\t<div class=\"elementor-widget-container\">\n\t\t\t\t\t\t\t\t\t<p>Nous passons tous une grande partie de notre vie au travail. C&rsquo;est pourquoi nous pensons que le temps pass\u00e9 \u00e0 travailler doit \u00eatre aussi inspirant, enthousiasmant et \u00e9panouissant que possible.<\/p>\t\t\t\t\t\t\t\t<\/div>\n\t\t\t\t<\/div>\n\t\t\t\t<div class=\"elementor-element elementor-element-cc52d9e elementor-view-default elementor-widget elementor-widget-icon\" data-id=\"cc52d9e\" data-element_type=\"widget\" data-e-type=\"widget\" data-widget_type=\"icon.default\">\n\t\t\t\t<div class=\"elementor-widget-container\">\n\t\t\t\t\t\t\t<div class=\"elementor-icon-wrapper\">\n\t\t\t<div class=\"elementor-icon\">\n\t\t\t<svg xmlns=\"http:\/\/www.w3.org\/2000\/svg\" width=\"76.355\" height=\"76.351\" viewBox=\"0 0 76.355 76.351\"><g id=\"Icon_feather-arrow-up-left\" data-name=\"Icon feather-arrow-up-left\" transform=\"translate(0.501 0.501)\"><path id=\"Path_110\" data-name=\"Path 110\" d=\"M14.664,86.35a4.664,4.664,0,0,1-3.3-7.961L78.388,11.366a4.667,4.667,0,0,1,6.6,6.6L17.961,84.984A4.649,4.649,0,0,1,14.664,86.35Z\" transform=\"translate(-10.5 -10.5)\" fill=\"#27335f\"><\/path><path id=\"Path_111\" data-name=\"Path 111\" d=\"M81.686,86.35a4.664,4.664,0,0,1-4.664-4.664V19.327H14.664a4.664,4.664,0,1,1,0-9.327H81.686a4.664,4.664,0,0,1,4.664,4.664V81.686A4.664,4.664,0,0,1,81.686,86.35Z\" transform=\"translate(-10.5 -10.5)\" fill=\"#27335f\"><\/path><\/g><\/svg>\t\t\t<\/div>\n\t\t<\/div>\n\t\t\t\t\t\t<\/div>\n\t\t\t\t<\/div>\n\t\t\t\t<\/a>\n\t\t<a class=\"elementor-element elementor-element-2085fda e-con-full e-flex e-con e-child\" data-id=\"2085fda\" data-element_type=\"container\" data-e-type=\"container\" data-settings=\"{&quot;background_background&quot;:&quot;classic&quot;}\" href=\"https:\/\/xylos.com\/about-us\/partners\/\">\n\t\t\t\t<div class=\"elementor-element elementor-element-8633724 elementor-widget elementor-widget-heading\" data-id=\"8633724\" data-element_type=\"widget\" data-e-type=\"widget\" data-widget_type=\"heading.default\">\n\t\t\t\t<div class=\"elementor-widget-container\">\n\t\t\t\t\t<h4 class=\"elementor-heading-title elementor-size-default\">Partenaires technologiques<\/h4>\t\t\t\t<\/div>\n\t\t\t\t<\/div>\n\t\t\t\t<div class=\"elementor-element elementor-element-4eb1dbd elementor-widget elementor-widget-text-editor\" data-id=\"4eb1dbd\" data-element_type=\"widget\" data-e-type=\"widget\" data-widget_type=\"text-editor.default\">\n\t\t\t\t<div class=\"elementor-widget-container\">\n\t\t\t\t\t\t\t\t\t<p>Nous combinons des technologies \u00e9prouv\u00e9es et une expertise fiable pour cr\u00e9er des solutions qui r\u00e9sisteront \u00e0 l&rsquo;\u00e9preuve du temps et s&rsquo;aligneront sur vos objectifs. <\/p>\t\t\t\t\t\t\t\t<\/div>\n\t\t\t\t<\/div>\n\t\t\t\t<div class=\"elementor-element elementor-element-231ac1d elementor-view-default elementor-widget elementor-widget-icon\" data-id=\"231ac1d\" data-element_type=\"widget\" data-e-type=\"widget\" data-widget_type=\"icon.default\">\n\t\t\t\t<div class=\"elementor-widget-container\">\n\t\t\t\t\t\t\t<div class=\"elementor-icon-wrapper\">\n\t\t\t<div class=\"elementor-icon\">\n\t\t\t<svg xmlns=\"http:\/\/www.w3.org\/2000\/svg\" width=\"76.355\" height=\"76.351\" viewBox=\"0 0 76.355 76.351\"><g id=\"Icon_feather-arrow-up-left\" data-name=\"Icon feather-arrow-up-left\" transform=\"translate(0.501 0.501)\"><path id=\"Path_110\" data-name=\"Path 110\" d=\"M14.664,86.35a4.664,4.664,0,0,1-3.3-7.961L78.388,11.366a4.667,4.667,0,0,1,6.6,6.6L17.961,84.984A4.649,4.649,0,0,1,14.664,86.35Z\" transform=\"translate(-10.5 -10.5)\" fill=\"#27335f\"><\/path><path id=\"Path_111\" data-name=\"Path 111\" d=\"M81.686,86.35a4.664,4.664,0,0,1-4.664-4.664V19.327H14.664a4.664,4.664,0,1,1,0-9.327H81.686a4.664,4.664,0,0,1,4.664,4.664V81.686A4.664,4.664,0,0,1,81.686,86.35Z\" transform=\"translate(-10.5 -10.5)\" fill=\"#27335f\"><\/path><\/g><\/svg>\t\t\t<\/div>\n\t\t<\/div>\n\t\t\t\t\t\t<\/div>\n\t\t\t\t<\/div>\n\t\t\t\t<\/a>\n\t\t<a class=\"elementor-element elementor-element-22ec449 e-con-full e-flex e-con e-child\" data-id=\"22ec449\" data-element_type=\"container\" data-e-type=\"container\" data-settings=\"{&quot;background_background&quot;:&quot;classic&quot;}\" href=\"https:\/\/xylos.com\/fr\/concernant-xylos\/#Locations\">\n\t\t\t\t<div class=\"elementor-element elementor-element-6c79b8d elementor-widget elementor-widget-heading\" data-id=\"6c79b8d\" data-element_type=\"widget\" data-e-type=\"widget\" data-widget_type=\"heading.default\">\n\t\t\t\t<div class=\"elementor-widget-container\">\n\t\t\t\t\t<h4 class=\"elementor-heading-title elementor-size-default\">Locations<\/h4>\t\t\t\t<\/div>\n\t\t\t\t<\/div>\n\t\t\t\t<div class=\"elementor-element elementor-element-674b6a5 elementor-widget elementor-widget-text-editor\" data-id=\"674b6a5\" data-element_type=\"widget\" data-e-type=\"widget\" data-widget_type=\"text-editor.default\">\n\t\t\t\t<div class=\"elementor-widget-container\">\n\t\t\t\t\t\t\t\t\t<p>Du c\u0153ur du port d&rsquo;Anvers \u00e0 la communaut\u00e9 technologique d\u00e9bordant d&rsquo;\u00e9nergie de Courtrai, Xylos est votre partenaire de confiance dans un paysage num\u00e9rique en constante \u00e9volution.<\/p>\t\t\t\t\t\t\t\t<\/div>\n\t\t\t\t<\/div>\n\t\t\t\t<div class=\"elementor-element elementor-element-d01d33b elementor-view-default elementor-widget elementor-widget-icon\" data-id=\"d01d33b\" data-element_type=\"widget\" data-e-type=\"widget\" data-widget_type=\"icon.default\">\n\t\t\t\t<div class=\"elementor-widget-container\">\n\t\t\t\t\t\t\t<div class=\"elementor-icon-wrapper\">\n\t\t\t<div class=\"elementor-icon\">\n\t\t\t<svg xmlns=\"http:\/\/www.w3.org\/2000\/svg\" width=\"76.355\" height=\"76.351\" viewBox=\"0 0 76.355 76.351\"><g id=\"Icon_feather-arrow-up-left\" data-name=\"Icon feather-arrow-up-left\" transform=\"translate(0.501 0.501)\"><path id=\"Path_110\" data-name=\"Path 110\" d=\"M14.664,86.35a4.664,4.664,0,0,1-3.3-7.961L78.388,11.366a4.667,4.667,0,0,1,6.6,6.6L17.961,84.984A4.649,4.649,0,0,1,14.664,86.35Z\" transform=\"translate(-10.5 -10.5)\" fill=\"#27335f\"><\/path><path id=\"Path_111\" data-name=\"Path 111\" d=\"M81.686,86.35a4.664,4.664,0,0,1-4.664-4.664V19.327H14.664a4.664,4.664,0,1,1,0-9.327H81.686a4.664,4.664,0,0,1,4.664,4.664V81.686A4.664,4.664,0,0,1,81.686,86.35Z\" transform=\"translate(-10.5 -10.5)\" fill=\"#27335f\"><\/path><\/g><\/svg>\t\t\t<\/div>\n\t\t<\/div>\n\t\t\t\t\t\t<\/div>\n\t\t\t\t<\/div>\n\t\t\t\t<\/a>\n\t\t<a class=\"elementor-element elementor-element-61d752b e-con-full e-flex e-con e-child\" data-id=\"61d752b\" data-element_type=\"container\" data-e-type=\"container\" data-settings=\"{&quot;background_background&quot;:&quot;classic&quot;}\" href=\"https:\/\/xylos.com\/fr\/jobs\/\">\n\t\t\t\t<div class=\"elementor-element elementor-element-83b2b79 elementor-widget elementor-widget-heading\" data-id=\"83b2b79\" data-element_type=\"widget\" data-e-type=\"widget\" data-widget_type=\"heading.default\">\n\t\t\t\t<div class=\"elementor-widget-container\">\n\t\t\t\t\t<h4 class=\"elementor-heading-title elementor-size-default\">Jobs<\/h4>\t\t\t\t<\/div>\n\t\t\t\t<\/div>\n\t\t\t\t<div class=\"elementor-element elementor-element-f934c03 elementor-widget elementor-widget-text-editor\" data-id=\"f934c03\" data-element_type=\"widget\" data-e-type=\"widget\" data-widget_type=\"text-editor.default\">\n\t\t\t\t<div class=\"elementor-widget-container\">\n\t\t\t\t\t\t\t\t\t<p>Ensemble, vous entreprendrez des projets inspirants \u00e0 pleine vitesse, vous vous plongerez dans les derni\u00e8res innovations et vous remettrez en cause le statu quo. <\/p>\t\t\t\t\t\t\t\t<\/div>\n\t\t\t\t<\/div>\n\t\t\t\t<div class=\"elementor-element elementor-element-601bd03 elementor-view-default elementor-widget elementor-widget-icon\" data-id=\"601bd03\" data-element_type=\"widget\" data-e-type=\"widget\" data-widget_type=\"icon.default\">\n\t\t\t\t<div class=\"elementor-widget-container\">\n\t\t\t\t\t\t\t<div class=\"elementor-icon-wrapper\">\n\t\t\t<div class=\"elementor-icon\">\n\t\t\t<svg xmlns=\"http:\/\/www.w3.org\/2000\/svg\" width=\"76.355\" height=\"76.351\" viewBox=\"0 0 76.355 76.351\"><g id=\"Icon_feather-arrow-up-left\" data-name=\"Icon feather-arrow-up-left\" transform=\"translate(0.501 0.501)\"><path id=\"Path_110\" data-name=\"Path 110\" d=\"M14.664,86.35a4.664,4.664,0,0,1-3.3-7.961L78.388,11.366a4.667,4.667,0,0,1,6.6,6.6L17.961,84.984A4.649,4.649,0,0,1,14.664,86.35Z\" transform=\"translate(-10.5 -10.5)\" fill=\"#27335f\"><\/path><path id=\"Path_111\" data-name=\"Path 111\" d=\"M81.686,86.35a4.664,4.664,0,0,1-4.664-4.664V19.327H14.664a4.664,4.664,0,1,1,0-9.327H81.686a4.664,4.664,0,0,1,4.664,4.664V81.686A4.664,4.664,0,0,1,81.686,86.35Z\" transform=\"translate(-10.5 -10.5)\" fill=\"#27335f\"><\/path><\/g><\/svg>\t\t\t<\/div>\n\t\t<\/div>\n\t\t\t\t\t\t<\/div>\n\t\t\t\t<\/div>\n\t\t\t\t<\/a>\n\t\t\t\t<\/div>\n\t\t\t\t\t<\/div>\n\t\t\t\t<\/div>\n\t\t\t\t<\/div>\n\t\t","protected":false},"excerpt":{"rendered":"<p>A propos de nous Conna\u00eetre Xylos Qui sommes-nous ? Nous passons tous une grande partie de notre vie au travail. C&rsquo;est pourquoi nous pensons que le temps pass\u00e9 \u00e0 travailler doit \u00eatre aussi inspirant, enthousiasmant et \u00e9panouissant que possible. Partenaires technologiques Nous combinons des technologies \u00e9prouv\u00e9es et une expertise fiable pour cr\u00e9er des solutions qui [&hellip;]<\/p>\n","protected":false},"author":12,"featured_media":0,"parent":0,"menu_order":0,"comment_status":"closed","ping_status":"closed","template":"","meta":{"content-type":"","footnotes":""},"header-type":[],"class_list":["post-26681","page","type-page","status-publish","hentry"],"_links":{"self":[{"href":"https:\/\/xylos.com\/fr\/wp-json\/wp\/v2\/pages\/26681","targetHints":{"allow":["GET"]}}],"collection":[{"href":"https:\/\/xylos.com\/fr\/wp-json\/wp\/v2\/pages"}],"about":[{"href":"https:\/\/xylos.com\/fr\/wp-json\/wp\/v2\/types\/page"}],"author":[{"embeddable":true,"href":"https:\/\/xylos.com\/fr\/wp-json\/wp\/v2\/users\/12"}],"replies":[{"embeddable":true,"href":"https:\/\/xylos.com\/fr\/wp-json\/wp\/v2\/comments?post=26681"}],"version-history":[{"count":0,"href":"https:\/\/xylos.com\/fr\/wp-json\/wp\/v2\/pages\/26681\/revisions"}],"wp:attachment":[{"href":"https:\/\/xylos.com\/fr\/wp-json\/wp\/v2\/media?parent=26681"}],"wp:term":[{"taxonomy":"header-type","embeddable":true,"href":"https:\/\/xylos.com\/fr\/wp-json\/wp\/v2\/header-type?post=26681"}],"curies":[{"name":"wp","href":"https:\/\/api.w.org\/{rel}","templated":true}]}}